{"id":1066,"date":"2025-12-12T02:44:25","date_gmt":"2025-12-12T02:44:25","guid":{"rendered":"https:\/\/shop.crecertspecialtycoffee.com\/?post_type=product&#038;p=1066"},"modified":"2026-03-11T00:06:43","modified_gmt":"2026-03-11T00:06:43","slug":"blend-artesanal-del-cafetal-500-gr","status":"publish","type":"product","link":"https:\/\/shop.crecertspecialtycoffee.com\/es\/producto\/blend-artesanal-del-cafetal-500-gr\/","title":{"rendered":"Blend Artesanal Del Cafetal 500 gr"},"content":{"rendered":"","protected":false},"excerpt":{"rendered":"<p>Blend artesanal con molienda fina y tosti\u00f3n alta especial para preparaci\u00f3n en olleta tradicional. Sabor balanceado con notas de chocolate y panela. Perfecto para disfrutar el caf\u00e9 como en el campo colombiano.<\/p>","protected":false},"featured_media":1069,"comment_status":"open","ping_status":"closed","template":"","meta":{"_locale":"es_ES","_original_post":"https:\/\/shop.crecertspecialtycoffee.com\/?post_type=product&p=1066"},"product_brand":[],"product_cat":[50,48],"product_tag":[],"class_list":{"0":"post-1066","1":"product","2":"type-product","3":"status-publish","4":"has-post-thumbnail","6":"product_cat-cafe-tostado","7":"product_cat-espanol","8":"es-ES","10":"first","11":"instock","12":"taxable","13":"shipping-taxable","14":"purchasable","15":"product-type-variable"},"_links":{"self":[{"href":"https:\/\/shop.crecertspecialtycoffee.com\/es\/wp-json\/wp\/v2\/product\/1066","targetHints":{"allow":["GET"]}}],"collection":[{"href":"https:\/\/shop.crecertspecialtycoffee.com\/es\/wp-json\/wp\/v2\/product"}],"about":[{"href":"https:\/\/shop.crecertspecialtycoffee.com\/es\/wp-json\/wp\/v2\/types\/product"}],"replies":[{"embeddable":true,"href":"https:\/\/shop.crecertspecialtycoffee.com\/es\/wp-json\/wp\/v2\/comments?post=1066"}],"version-history":[{"count":2,"href":"https:\/\/shop.crecertspecialtycoffee.com\/es\/wp-json\/wp\/v2\/product\/1066\/revisions"}],"predecessor-version":[{"id":1074,"href":"https:\/\/shop.crecertspecialtycoffee.com\/es\/wp-json\/wp\/v2\/product\/1066\/revisions\/1074"}],"wp:featuredmedia":[{"embeddable":true,"href":"https:\/\/shop.crecertspecialtycoffee.com\/es\/wp-json\/wp\/v2\/media\/1069"}],"wp:attachment":[{"href":"https:\/\/shop.crecertspecialtycoffee.com\/es\/wp-json\/wp\/v2\/media?parent=1066"}],"wp:term":[{"taxonomy":"product_brand","embeddable":true,"href":"https:\/\/shop.crecertspecialtycoffee.com\/es\/wp-json\/wp\/v2\/product_brand?post=1066"},{"taxonomy":"product_cat","embeddable":true,"href":"https:\/\/shop.crecertspecialtycoffee.com\/es\/wp-json\/wp\/v2\/product_cat?post=1066"},{"taxonomy":"product_tag","embeddable":true,"href":"https:\/\/shop.crecertspecialtycoffee.com\/es\/wp-json\/wp\/v2\/product_tag?post=1066"}],"curies":[{"name":"wp","href":"https:\/\/api.w.org\/{rel}","templated":true}]}}